{"id":1690,"date":"2025-05-07T16:46:34","date_gmt":"2025-05-07T16:46:34","guid":{"rendered":"https:\/\/vanadzinarestorans.lv\/terms-and-conditions\/"},"modified":"2025-05-20T14:48:42","modified_gmt":"2025-05-20T14:48:42","slug":"terms-and-conditions","status":"publish","type":"page","link":"https:\/\/vanadzinarestorans.lv\/en\/terms-and-conditions\/","title":{"rendered":"Terms and Conditions"},"content":{"rendered":"\t\t<div data-elementor-type=\"wp-page\" data-elementor-id=\"1690\" class=\"elementor elementor-1690 elementor-1499\" data-elementor-post-type=\"page\">\n\t\t\t\t<div class=\"elementor-element elementor-element-fcc98cf e-flex e-con-boxed e-con e-parent\" data-id=\"fcc98cf\" data-element_type=\"container\">\n\t\t\t\t\t<div class=\"e-con-inner\">\n\t\t\t\t<div class=\"elementor-element elementor-element-d5bc05d elementor-widget elementor-widget-heading\" data-id=\"d5bc05d\" data-element_type=\"widget\" data-widget_type=\"heading.default\">\n\t\t\t\t\t<h2 class=\"elementor-heading-title elementor-size-default\">Terms and Conditions<\/h2>\t\t\t\t<\/div>\n\t\t\t\t<div class=\"elementor-element elementor-element-caf083c elementor-widget elementor-widget-text-editor\" data-id=\"caf083c\" data-element_type=\"widget\" data-widget_type=\"text-editor.default\">\n\t\t\t\t\t\t\t\t\t<p><b>Regarding the Accommodation<\/b><\/p>\n<p><span style=\"font-weight: 400;\">H.E. Vanadzi\u0146a accommodation is located in C\u0113sis, at R\u012bgas iela 15. We are a small hotel right in the heart of C\u0113sis old town, within walking distance of the most beautiful sights and places. Stay with friends or family after an educational day in C\u0113sis. Sleep together after dinner and walks. Sleep alone if you&#8217;re in C\u0113sis for business.<\/span><\/p>\n<p><span style=\"font-weight: 400;\">Vanadzi\u0146a House offers 4 different rooms \u2014 a single room, a double room (available in 4 units), a triple room, and an attic studio, which can accommodate up to 6 people. An additional extra bed can be added in each room.<\/span><\/p>\n<p><b>Reservations<\/b><\/p>\n<p><span style=\"font-weight: 400;\">Reservations at Vanadzi\u0146a House can be made on our website<\/span><a href=\"http:\/\/www.vanadzinarestorans.lv\/\"> <span style=\"font-weight: 400;\">www.vanadzinarestorans.lv<\/span><\/a><span style=\"font-weight: 400;\"> by clicking the active button \u201cReservation in the Hotel,\u201d which redirects to<\/span><a href=\"https:\/\/bouk.io\/booking\/vanadzina\" target=\"_blank\" rel=\"noopener\"> <span style=\"font-weight: 400;\">https:\/\/bouk.io\/booking\/vanadzina<\/span><\/a><span style=\"font-weight: 400;\">.<\/span><\/p>\n<p><span style=\"font-weight: 400;\">To book, you need to select your desired stay dates and the number of guests, choose the appropriate room, fill in your contact information, and make a 100% prepayment via online banking or credit card. For legal entities, bank transfer can be selected (payment order needed within 24 hours).<\/span><\/p>\n<p><span style=\"font-weight: 400;\">After booking, guests receive a written confirmation and an invoice sent to their provided email. By making a reservation, the guest confirms their agreement with these Terms and Conditions.<\/span><\/p>\n<p><b>Cancellation and Change Policy<\/b><\/p>\n<p><span style=\"font-weight: 400;\">For hotel reservation <\/span><span style=\"font-weight: 400;\">&#8211; If a accommodation reservation is canceled more than 48 hours before the scheduled arrival, a full refund (100%) is possible. If canceled later or if the guest does not show up, the payment is non-refundable. Reservations can be canceled through the BOUK system or by emailing <\/span><a href=\"mailto:info@vanadzinarestorans.lv\"><span style=\"font-weight: 400;\">info@vanadzinarestorans.lv<\/span><\/a><span style=\"font-weight: 400;\">.<\/span><\/p>\n<p><span style=\"font-weight: 400;\">Event tickets<\/span><span style=\"font-weight: 400;\"> &#8211; are non-refunadble.<\/span><\/p>\n<p><b>Check-in and Check-out<\/b><\/p>\n<p><span style=\"font-weight: 400;\">24 hours before arrival, guests will receive a reminder email with important information regarding their stay. Check-in begins at 4:00 PM, and check-out is by 11:00 AM. In special cases, arrangements for different times can be made in writing.<\/span><\/p>\n<p><b>Pets<\/b><\/p>\n<p><span style=\"font-weight: 400;\">Pets are allowed with prior reservation, by selecting and paying for the additional service \u201cPet Accommodation,\u201d costing 20 EUR per dog\/cat.<\/span><\/p>\n<p><b>Safety Regulations<\/b><\/p>\n<p><span style=\"font-weight: 400;\">It is prohibited to bring and store fire-hazardous materials or use devices with open flames. In case of an emergency, immediately contact emergency services at 112 and inform us by phone at 24771771.<\/span><\/p>\n<p><b>Damages<\/b><\/p>\n<p><span style=\"font-weight: 400;\">Guests are responsible for any damages caused to the accommodation and its inventory, covering any costs incurred due to their actions. Damages must be reported immediately.<\/span><\/p>\n<p><i><span style=\"font-weight: 400;\">These Terms and Conditions are designed to ensure the best possible service for every guest of H.E. Vanadzi\u0146a. Thank you for your understanding. For any questions, please contact us at <\/span><\/i><i><span style=\"font-weight: 400;\">info@vanadzinarestorans.lv<\/span><\/i><i><span style=\"font-weight: 400;\">.<\/span><\/i><\/p>\n\t\t\t\t\t\t\t\t<\/div>\n\t\t\t\t\t<\/div>\n\t\t\t\t<\/div>\n\t\t\t\t<\/div>\n\t\t","protected":false},"excerpt":{"rendered":"<p>Terms and Conditions Regarding the Accommodation H.E. Vanadzi\u0146a accommodation is located in C\u0113sis, at R\u012bgas iela 15. We are a small hotel right in the heart of C\u0113sis old town, within walking distance of the most beautiful sights and places. Stay with friends or family after an educational day in C\u0113sis. Sleep together after dinner [&hellip;]<\/p>\n","protected":false},"author":2,"featured_media":0,"parent":0,"menu_order":0,"comment_status":"closed","ping_status":"closed","template":"","meta":{"footnotes":""},"class_list":["post-1690","page","type-page","status-publish","hentry"],"_links":{"self":[{"href":"https:\/\/vanadzinarestorans.lv\/en\/wp-json\/wp\/v2\/pages\/1690","targetHints":{"allow":["GET"]}}],"collection":[{"href":"https:\/\/vanadzinarestorans.lv\/en\/wp-json\/wp\/v2\/pages"}],"about":[{"href":"https:\/\/vanadzinarestorans.lv\/en\/wp-json\/wp\/v2\/types\/page"}],"author":[{"embeddable":true,"href":"https:\/\/vanadzinarestorans.lv\/en\/wp-json\/wp\/v2\/users\/2"}],"replies":[{"embeddable":true,"href":"https:\/\/vanadzinarestorans.lv\/en\/wp-json\/wp\/v2\/comments?post=1690"}],"version-history":[{"count":1,"href":"https:\/\/vanadzinarestorans.lv\/en\/wp-json\/wp\/v2\/pages\/1690\/revisions"}],"predecessor-version":[{"id":1691,"href":"https:\/\/vanadzinarestorans.lv\/en\/wp-json\/wp\/v2\/pages\/1690\/revisions\/1691"}],"wp:attachment":[{"href":"https:\/\/vanadzinarestorans.lv\/en\/wp-json\/wp\/v2\/media?parent=1690"}],"curies":[{"name":"wp","href":"https:\/\/api.w.org\/{rel}","templated":true}]}}